{"id":57,"date":"2020-04-01T17:08:35","date_gmt":"2020-04-01T17:08:35","guid":{"rendered":"https:\/\/rackeve.reformatus.hu\/?page_id=57"},"modified":"2022-09-19T16:01:28","modified_gmt":"2022-09-19T14:01:28","slug":"elerhetosegek","status":"publish","type":"page","link":"https:\/\/rackeve.reformatus.hu\/?page_id=57","title":{"rendered":"El\u00e9rhet\u0151s\u00e9gek"},"content":{"rendered":"\r\n<ul class=\"wp-block-list\">\r\n<li>C\u00edm: 2300 R\u00e1ckeve, Kossuth Lajos u. 8.<\/li>\r\n<li>E-mail c\u00edm:\u00a0<a href=\"mailto:rackeve.ref@gmail.com\">rackeve.ref@gmail.com<\/a><\/li>\r\n<li>Tel.\/fax: 06-24\/425-414<\/li>\r\n<li>K\u00e1lm\u00e1n B\u00e9la lelkip\u00e1sztor +36\/30 686 3497<\/li>\r\n<li>Erd\u0151s B\u00e1lint gondnok +36\/70 702 2538<\/li>\r\n<\/ul>\r\n\r\n\r\n\r\n<p>A lelk\u00e9szi hivatal ideiglenes nyitvatart\u00e1si ideje:<br \/>&#8211; Szerda: 09:00-12:00<br \/>&#8211; Szombat: 08:00-11:30<\/p>\r\n\r\n\r\n\r\n<p>H\u00e1l\u00e1san k\u00f6sz\u00f6nj\u00fck azoknak, akik anyagi lehet\u0151s\u00e9geik szerint t\u00e1mogatni k\u00edv\u00e1nj\u00e1k gy\u00fclekezet\u00fcnket!<br \/><br \/>T\u00e1mogathatjuk gy\u00fclekezet\u00fcnket az egyh\u00e1zfenntart\u00f3i j\u00e1rul\u00e9k \u00e1tutal\u00e1s\u00e1val is.<br \/>Az utal\u00e1s megjegyz\u00e9sek\u00e9nt k\u00e9rj\u00fck felt\u00fcntetni az adom\u00e1ny c\u00e9lj\u00e1t: pl.: perselyp\u00e9nz, egyh\u00e1zad\u00f3 vagy adom\u00e1ny.<\/p>\r\n\r\n\r\n\r\n<p>Reform\u00e1tus Egyh\u00e1zk\u00f6zs\u00e9g R\u00e1ckeve<br \/>Banksz\u00e1mlasz\u00e1m: 11742070-20009386<\/p>\r\n\r\n\r\n\r\n<p>\u201cA j\u00f3kedv\u0171 adakoz\u00f3t szereti az Isten.\u201d (2Kor 9,7)<\/p>\r\n\r\n\r\n\r\n<p>&nbsp;<\/p>\r\n","protected":false},"excerpt":{"rendered":"<p>C\u00edm: 2300 R\u00e1ckeve, Kossuth Lajos u. 8. E-mail c\u00edm:\u00a0rackeve.ref@gmail.com Tel.\/fax: 06-24\/425-414 K\u00e1lm\u00e1n B\u00e9la lelkip\u00e1sztor +36\/30 686 3497 Erd\u0151s B\u00e1lint gondnok +36\/70 702 2538 A lelk\u00e9szi hivatal ideiglenes nyitvatart\u00e1si ideje:&#8211; Szerda: 09:00-12:00&#8211; Szombat: 08:00-11:30 H\u00e1l\u00e1san k\u00f6sz\u00f6nj\u00fck azoknak, akik anyagi lehet\u0151s\u00e9geik szerint t\u00e1mogatni k\u00edv\u00e1nj\u00e1k gy\u00fclekezet\u00fcnket! T\u00e1mogathatjuk gy\u00fclekezet\u00fcnket az egyh\u00e1zfenntart\u00f3i j\u00e1rul\u00e9k \u00e1tutal\u00e1s\u00e1val is.Az utal\u00e1s megjegyz\u00e9sek\u00e9nt k\u00e9rj\u00fck felt\u00fcntetni az &hellip; <\/p>\n<p class=\"link-more\"><a href=\"https:\/\/rackeve.reformatus.hu\/?page_id=57\" class=\"more-link\"><span class=\"screen-reader-text\">&#8222;El\u00e9rhet\u0151s\u00e9gek&#8221;<\/span> b\u0151vebben<\/a><\/p>\n","protected":false},"author":1,"featured_media":0,"parent":0,"menu_order":0,"comment_status":"closed","ping_status":"closed","template":"","meta":{"footnotes":""},"class_list":["post-57","page","type-page","status-publish","hentry"],"_links":{"self":[{"href":"https:\/\/rackeve.reformatus.hu\/index.php?rest_route=\/wp\/v2\/pages\/57","targetHints":{"allow":["GET"]}}],"collection":[{"href":"https:\/\/rackeve.reformatus.hu\/index.php?rest_route=\/wp\/v2\/pages"}],"about":[{"href":"https:\/\/rackeve.reformatus.hu\/index.php?rest_route=\/wp\/v2\/types\/page"}],"author":[{"embeddable":true,"href":"https:\/\/rackeve.reformatus.hu\/index.php?rest_route=\/wp\/v2\/users\/1"}],"replies":[{"embeddable":true,"href":"https:\/\/rackeve.reformatus.hu\/index.php?rest_route=%2Fwp%2Fv2%2Fcomments&post=57"}],"version-history":[{"count":7,"href":"https:\/\/rackeve.reformatus.hu\/index.php?rest_route=\/wp\/v2\/pages\/57\/revisions"}],"predecessor-version":[{"id":534,"href":"https:\/\/rackeve.reformatus.hu\/index.php?rest_route=\/wp\/v2\/pages\/57\/revisions\/534"}],"wp:attachment":[{"href":"https:\/\/rackeve.reformatus.hu\/index.php?rest_route=%2Fwp%2Fv2%2Fmedia&parent=57"}],"curies":[{"name":"wp","href":"https:\/\/api.w.org\/{rel}","templated":true}]}}