{"id":52,"date":"2020-11-14T18:00:34","date_gmt":"2020-11-14T16:00:34","guid":{"rendered":"https:\/\/rackeve.reformatus.hu\/?page_id=52"},"modified":"2022-05-24T12:46:36","modified_gmt":"2022-05-24T10:46:36","slug":"igehirdetesek","status":"publish","type":"page","link":"https:\/\/rackeve.reformatus.hu\/?page_id=52","title":{"rendered":"Igehirdet\u00e9sek"},"content":{"rendered":"\r\n<p>Kedves Testv\u00e9rek! <br \/>Al\u00e1bb a r\u00e1ckevei igehirdet\u00e9seket tekinthetik meg vide\u00f3 \u00e9s hanganyag form\u00e1tumban. <br \/>K\u00f6sz\u00f6net a felv\u00e9tel\u00e9rt Kiss D\u00e1vidnak \u00e9s Cserna G\u00e1bor presbiternek.<\/p>\r\n<p><a href=\"https:\/\/www.youtube.com\/watch?v=FuWLQtL9KFY\" target=\"_blank\" rel=\"noopener\">2022.05.22.<\/a><\/p>\r\n<p><a href=\"https:\/\/www.facebook.com\/events\/984564768915387\/\" target=\"_blank\" rel=\"noopener\">2022.05.08.<\/a><\/p>\r\n<p><a href=\"https:\/\/www.facebook.com\/events\/1200213437381532\/\" target=\"_blank\" rel=\"noopener\">2022.05.01.<\/a><\/p>\r\n<p><a href=\"https:\/\/www.facebook.com\/events\/518948043192435\" target=\"_blank\" rel=\"noopener\">2022.04.15.<\/a><\/p>\r\n<p><a href=\"https:\/\/www.facebook.com\/events\/929951801020010\" target=\"_blank\" rel=\"noopener\">2022.04.10.<\/a><\/p>\r\n<p><a href=\"https:\/\/www.facebook.com\/rackeveref\/videos\/istentisztelet-2022-%C3%A1prilis-3\/5103068083104133\/\" target=\"_blank\" rel=\"noopener\">2022.04.03.<\/a><\/p>\r\n<p><a href=\"https:\/\/www.facebook.com\/rackeveref\/videos\/istentisztelet-2022-m%C3%A1rcius-27\/945319072794105\/\" target=\"_blank\" rel=\"noopener\">2022.03.27.<\/a><\/p>\r\n<p><a href=\"https:\/\/www.facebook.com\/rackeveref\/videos\/istentisztelet-2022-m%C3%A1rcius-20\/338587831651615\/\" target=\"_blank\" rel=\"noopener\">2022.03.20.<\/a><\/p>\r\n<p><a href=\"https:\/\/www.facebook.com\/rackeveref\/videos\/istentisztelet-2022-m%C3%A1rcius-13\/636818977391848\/\" target=\"_blank\" rel=\"noopener\">2022.03.13.<\/a><\/p>\r\n<p><a href=\"https:\/\/www.facebook.com\/events\/3071451069739754\/\" target=\"_blank\" rel=\"noopener\">2022.02.27.<\/a><\/p>\r\n<p><a href=\"https:\/\/www.facebook.com\/events\/1005710873663352\/\" target=\"_blank\" rel=\"noopener\">2022.02.20.<\/a><\/p>\r\n<p><a href=\"https:\/\/www.facebook.com\/events\/685318145832489\/\" target=\"_blank\" rel=\"noopener\">2022.02.13.<\/a><\/p>\r\n<p><a href=\"https:\/\/www.facebook.com\/events\/457226872551560\/\" target=\"_blank\" rel=\"noopener\">2022.02.06.<\/a><\/p>\r\n<p><a href=\"https:\/\/www.facebook.com\/events\/458410702359190\/\" target=\"_blank\" rel=\"noopener\">2022.01.30.<\/a><\/p>\r\n<p><a href=\"https:\/\/www.facebook.com\/events\/259229356334539\/\" target=\"_blank\" rel=\"noopener\">2022.01.23.<\/a><\/p>\r\n<p><a href=\"https:\/\/www.facebook.com\/events\/3213514482201481\/\" target=\"_blank\" rel=\"noopener\">2022.01.16.<\/a><\/p>\r\n<p><a href=\"https:\/\/www.facebook.com\/events\/505295637543812\/\" target=\"_blank\" rel=\"noopener\">2022.01.09.<\/a><\/p>\r\n<p><a href=\"https:\/\/www.facebook.com\/events\/769750813941299\/\" target=\"_blank\" rel=\"noopener\">2022.01.02.<\/a><\/p>\r\n<p><a href=\"https:\/\/www.facebook.com\/events\/331771382116282\/\" target=\"_blank\" rel=\"noopener\">2021.12.25.<\/a><\/p>\r\n<p><a href=\"https:\/\/www.facebook.com\/events\/213704210836008\/\" target=\"_blank\" rel=\"noopener\">2021.12.19.<\/a><\/p>\r\n<p><a href=\"https:\/\/www.facebook.com\/events\/3098089523757921\/\" target=\"_blank\" rel=\"noopener\">2021.12.12.<\/a><\/p>\r\n<p><a href=\"https:\/\/www.facebook.com\/rackeveref\/videos\/1295817620841421\/\" target=\"_blank\" rel=\"noopener\">2021.12.05.<\/a><\/p>\r\n<p><a href=\"https:\/\/www.facebook.com\/rackeveref\/videos\/609746386893399\/\" target=\"_blank\" rel=\"noopener\">2021.11.26.<\/a><\/p>\r\n<p><a href=\"https:\/\/www.facebook.com\/rackeveref\/videos\/643766773304051\/\" target=\"_blank\" rel=\"noopener\">2021.11.25.<\/a><\/p>\r\n<p><a href=\"https:\/\/www.facebook.com\/rackeveref\/videos\/4969410779737369\/\" target=\"_blank\" rel=\"noopener\">2021.11.24.<\/a><\/p>\r\n<p><a href=\"https:\/\/www.facebook.com\/rackeveref\/videos\/314416400527146\/\" target=\"_blank\" rel=\"noopener\">2021.11.23.<\/a><\/p>\r\n<p><a href=\"https:\/\/www.facebook.com\/events\/298677725457396\/\" target=\"_blank\" rel=\"noopener\">2021.11.21.<\/a><\/p>\r\n<p><a href=\"https:\/\/www.facebook.com\/events\/906701649956864\/\" target=\"_blank\" rel=\"noopener\">2021.11.14.<\/a><\/p>\r\n<p><a href=\"https:\/\/www.facebook.com\/events\/592380105300588\/\" target=\"_blank\" rel=\"noopener\">2021.11.07.<\/a><\/p>\r\n<div class=\"bp9cbjyn j83agx80\"><a href=\"https:\/\/www.facebook.com\/rackeveref\/videos\/megeml%C3%A9kez%C3%A9s-a-reform%C3%A1ci%C3%B3-eml%C3%A9knapj%C3%A1n-2021-okt%C3%B3ber-31\/261502842461263\/\" target=\"_blank\" rel=\"noopener\"><span class=\"d2edcug0 hpfvmrgz qv66sw1b c1et5uql lr9zc1uh jq4qci2q a3bd9o3v ekzkrbhg oo9gr5id\"><span class=\"a8c37x1j ni8dbmo4 stjgntxs l9j0dhe7\">Megeml\u00e9kez\u00e9s a reform\u00e1ci\u00f3 eml\u00e9knapj\u00e1n. &#8211; 2021. okt\u00f3ber 31.<\/span><\/span><\/a><\/div>\r\n<div>\u00a0<\/div>\r\n<p><a href=\"https:\/\/www.facebook.com\/rackeveref\/videos\/662433431389777\/\" target=\"_blank\" rel=\"noopener\">2021.10.31.<\/a><\/p>\r\n<p><a href=\"https:\/\/www.facebook.com\/rackeveref\/videos\/3147462082141515\/\" target=\"_blank\" rel=\"noopener\">2021.10.24.<\/a><\/p>\r\n<p><a href=\"https:\/\/www.facebook.com\/rackeveref\/videos\/254903179898217\/\" target=\"_blank\" rel=\"noopener\">2021.10.17.<\/a><\/p>\r\n<p><a href=\"https:\/\/www.facebook.com\/events\/454593092544925\/\" target=\"_blank\" rel=\"noopener\">2021.10.10.<\/a><\/p>\r\n<p><a href=\"https:\/\/www.facebook.com\/events\/2976741902546980\/\" target=\"_blank\" rel=\"noopener\">2021.09.26.<\/a><\/p>\r\n<p><a href=\"https:\/\/www.facebook.com\/events\/145318217794932\/\" target=\"_blank\" rel=\"noopener\">2021.09.19.<\/a><\/p>\r\n<p><a href=\"https:\/\/www.facebook.com\/rackeveref\/videos\/274424474494545\" target=\"_blank\" rel=\"noopener\">2021.09.05.<\/a><\/p>\r\n<p><a href=\"https:\/\/www.facebook.com\/events\/494121441663144\/\" target=\"_blank\" rel=\"noopener\">2021.08.22.<\/a><\/p>\r\n<p><a href=\"https:\/\/www.facebook.com\/events\/1414683125573495\/\" target=\"_blank\" rel=\"noopener\">2021.08.15.<\/a><\/p>\r\n<p><a href=\"https:\/\/www.facebook.com\/events\/245586053901709\/\" target=\"_blank\" rel=\"noopener\">2021.08.08.<\/a><\/p>\r\n<p><a href=\"https:\/\/www.facebook.com\/events\/201127411956512\/\" target=\"_blank\" rel=\"noopener\">2021.07.25.<\/a><\/p>\r\n<p><a href=\"https:\/\/www.facebook.com\/events\/792692968107750\/\" target=\"_blank\" rel=\"noopener\">2021.07.18.<\/a><\/p>\r\n<p><a href=\"https:\/\/www.facebook.com\/events\/913079599240164\/\" target=\"_blank\" rel=\"noopener\">2021.07.11.<\/a><\/p>\r\n<p><a href=\"https:\/\/www.facebook.com\/events\/1524056151280183\/\" target=\"_blank\" rel=\"noopener\">2021.07.04.<\/a><\/p>\r\n<p><a href=\"https:\/\/www.youtube.com\/watch?v=Zz2tvoEKUkw\" target=\"_blank\" rel=\"noopener\">2021.06.20. &#8211; konfirm\u00e1ci\u00f3<\/a><\/p>\r\n<p><a href=\"https:\/\/hu-hu.facebook.com\/events\/538913597270597\/\" target=\"_blank\" rel=\"noopener\">2021.06.13.<\/a><\/p>\r\n<p><a href=\"https:\/\/hu-hu.facebook.com\/events\/3001188973483650\/\" target=\"_blank\" rel=\"noopener\">2021.06.06.<\/a><\/p>\r\n<p><a href=\"https:\/\/www.facebook.com\/events\/4038302922886177\/\" target=\"_blank\" rel=\"noopener\">2021.05.30.<\/a><\/p>\r\n<p><a href=\"https:\/\/www.facebook.com\/events\/808499480070590\/\" target=\"_blank\" rel=\"noopener\">2021.05.23.<\/a><\/p>\r\n<p><a href=\"https:\/\/www.facebook.com\/events\/831798531085144\/\" target=\"_blank\" rel=\"noopener\">2021.05.16.<\/a><\/p>\r\n<p><a href=\"https:\/\/www.facebook.com\/events\/2128410883964032\/\" target=\"_blank\" rel=\"noopener\">2021.05.09.<\/a><\/p>\r\n<p><a href=\"https:\/\/www.facebook.com\/events\/518357032508803\/\" target=\"_blank\" rel=\"noopener\">2021.05.02.<\/a><\/p>\r\n<p><a href=\"https:\/\/www.facebook.com\/events\/262792802153371\/\" target=\"_blank\" rel=\"noopener\">2021.04.25.<\/a><\/p>\r\n<p><a href=\"https:\/\/hu-hu.facebook.com\/events\/2453847564761101\/\" target=\"_blank\" rel=\"noopener\">2021.04.18.<\/a><\/p>\r\n<p><a href=\"https:\/\/www.facebook.com\/events\/488238642363523\/\" target=\"_blank\" rel=\"noopener\">2021.04.11.<\/a><\/p>\r\n<p>H\u00fasv\u00e9ti alkalmak<br \/><a href=\"https:\/\/hu-hu.facebook.com\/events\/887328045145222\/\" target=\"_blank\" rel=\"noopener\">2021.04.05.<\/a><br \/><a href=\"https:\/\/hu-hu.facebook.com\/events\/484579859365295\/\" target=\"_blank\" rel=\"noopener\">2021.04.04.<\/a><br \/><a href=\"https:\/\/hu-hu.facebook.com\/events\/134456495279797\/\" target=\"_blank\" rel=\"noopener\">2021.04.02.<\/a><br \/><a href=\"https:\/\/hu-hu.facebook.com\/events\/2976730239314071\/\" target=\"_blank\" rel=\"noopener\">2021.04.01.<\/a><br \/><a href=\"https:\/\/hu-hu.facebook.com\/events\/747531299259881\/\" target=\"_blank\" rel=\"noopener\">2021.03.31.<\/a><br \/><a href=\"https:\/\/hu-hu.facebook.com\/events\/2888683788119368\/\" target=\"_blank\" rel=\"noopener\">2021.03.30.<\/a><\/p>\r\n<p><a href=\"https:\/\/hu-hu.facebook.com\/events\/451414749398529\/\" target=\"_blank\" rel=\"noopener\">2021.03.28.<\/a><\/p>\r\n<p><a href=\"https:\/\/fb.me\/e\/2gAc0x6i3\" target=\"_blank\" rel=\"noopener\">2021.03.21.<\/a><\/p>\r\n<p><a href=\"https:\/\/www.facebook.com\/103322441302159\/videos\/2824193444508566\/\" target=\"_blank\" rel=\"noopener\">2021.03.14.<\/a> (Kiss Gergely, Szigetszentm\u00e1rton-Sziget\u00fajfalu Reform\u00e1tus Misszi\u00f3s K\u00f6z\u00f6ss\u00e9g)<\/p>\r\n<p><a href=\"https:\/\/www.facebook.com\/events\/2905424969783853\/\" target=\"_blank\" rel=\"noopener\">2021.03.06.<\/a><\/p>\r\n<p><a href=\"https:\/\/www.facebook.com\/events\/860812324494322\/\" target=\"_blank\" rel=\"noopener\">2021.02.28.<\/a><\/p>\r\n<p><a href=\"https:\/\/www.facebook.com\/rackeveref\/videos\/128393039160371\/\" target=\"_blank\" rel=\"noopener\">2021.02.21.<\/a><\/p>\r\n<p><a href=\"https:\/\/rackeve.reformatus.hu\/wp-content\/uploads\/2021\/02\/2021bojt.pdf\" target=\"_blank\" rel=\"noopener\">B\u00f6jti \u00farvacsorai el\u0151k\u00e9sz\u00fclet igev\u00e1zlata<\/a>\u00a0<\/p>\r\n<p><a href=\"https:\/\/www.facebook.com\/rackeveref\/videos\/728577144696298\/\" target=\"_blank\" rel=\"noopener\">2021.02.14.<\/a><\/p>\r\n<p><a href=\"https:\/\/www.facebook.com\/rackeveref\/videos\/1768924413269854\/\" target=\"_blank\" rel=\"noopener\">2021.02.07.<\/a><\/p>\r\n<p><a href=\"https:\/\/www.facebook.com\/rackeveref\/videos\/412383300041744\/\" target=\"_blank\" rel=\"noopener\">2021.01.31.<\/a><\/p>\r\n<p><a href=\"https:\/\/www.facebook.com\/rackeveref\/videos\/946284766130879\/\" target=\"_blank\" rel=\"noopener\">2021.01.24.<\/a><\/p>\r\n<p><a href=\"https:\/\/www.facebook.com\/rackeveref\/videos\/815049125726818\/\" target=\"_blank\" rel=\"noopener\">2021.01.17.<\/a><\/p>\r\n<p>&nbsp;<\/p>\r\n\r\n\r\n\r\n<p><a class=\"rank-math-link\" href=\"https:\/\/rackeve.reformatus.hu\/files\/imahet2021.pdf\">2021. Egyetemes imah\u00e9t igev\u00e1zlata \u00e9s imat\u00e9m\u00e1i<\/a><\/p>\r\n\r\n\r\n\r\n<p>&nbsp;<\/p>\r\n\r\n\r\n\r\n<figure class=\"wp-block-embed is-type-video is-provider-youtube wp-block-embed-youtube wp-embed-aspect-16-9 wp-has-aspect-ratio\">\r\n<div class=\"wp-block-embed__wrapper\"><iframe loading=\"lazy\" src=\"\/\/www.youtube.com\/embed\/jEWCT0cRZ_w\" width=\"560\" height=\"314\" allowfullscreen=\"allowfullscreen\"><\/iframe><\/div>\r\n<figcaption>2021.01.03.<\/figcaption>\r\n<\/figure>\r\n\r\n\r\n\r\n<figure class=\"wp-block-embed is-type-video is-provider-youtube wp-block-embed-youtube wp-embed-aspect-16-9 wp-has-aspect-ratio\">\r\n<div class=\"wp-block-embed__wrapper\"><iframe loading=\"lazy\" src=\"\/\/www.youtube.com\/embed\/iKvN7qPNIzA?feature=youtu\" width=\"560\" height=\"314\" allowfullscreen=\"allowfullscreen\"><\/iframe><\/div>\r\n<figcaption>2020.12.27.<\/figcaption>\r\n<\/figure>\r\n\r\n\r\n\r\n<figure class=\"wp-block-video\"><video src=\"https:\/\/rackeve.reformatus.hu\/files\/igehirdetes_hanganyag\/Karacsony2020.mp4\" controls=\"controls\" width=\"300\" height=\"150\"><\/video>\r\n<figcaption>2020.12.25.<\/figcaption>\r\n<\/figure>\r\n\r\n\r\n\r\n<figure class=\"wp-block-embed is-type-video is-provider-youtube wp-block-embed-youtube wp-embed-aspect-16-9 wp-has-aspect-ratio\">\r\n<div class=\"wp-block-embed__wrapper\"><iframe loading=\"lazy\" src=\"\/\/www.youtube.com\/embed\/-YQxDZWeoN4?feature=youtu\" width=\"560\" height=\"314\" allowfullscreen=\"allowfullscreen\"><\/iframe><\/div>\r\n<\/figure>\r\n\r\n\r\n\r\n<figure class=\"wp-block-embed is-type-video is-provider-youtube wp-block-embed-youtube wp-embed-aspect-16-9 wp-has-aspect-ratio\">\r\n<div class=\"wp-block-embed__wrapper\"><iframe loading=\"lazy\" src=\"\/\/www.youtube.com\/embed\/weVT99ca7fI?feature=youtu\" width=\"560\" height=\"314\" allowfullscreen=\"allowfullscreen\"><\/iframe><\/div>\r\n<figcaption>2020.12.13.<\/figcaption>\r\n<\/figure>\r\n\r\n\r\n\r\n<figure class=\"wp-block-embed is-type-video is-provider-youtube wp-block-embed-youtube wp-embed-aspect-16-9 wp-has-aspect-ratio\">\r\n<div class=\"wp-block-embed__wrapper\"><iframe loading=\"lazy\" src=\"\/\/www.youtube.com\/embed\/tatI7mHMkrU\" width=\"560\" height=\"314\" allowfullscreen=\"allowfullscreen\"><\/iframe><\/div>\r\n<\/figure>\r\n\r\n\r\n\r\n<figure class=\"wp-block-embed is-type-video is-provider-youtube wp-block-embed-youtube wp-embed-aspect-16-9 wp-has-aspect-ratio\">\r\n<div class=\"wp-block-embed__wrapper\"><iframe loading=\"lazy\" src=\"\/\/www.youtube.com\/embed\/_hEYzN2V4E4?ab_channel=G\" width=\"560\" height=\"314\" allowfullscreen=\"allowfullscreen\"><\/iframe><\/div>\r\n<figcaption>2020.11.29.<\/figcaption>\r\n<\/figure>\r\n\r\n\r\n\r\n<figure class=\"wp-block-embed is-type-video is-provider-youtube wp-block-embed-youtube wp-embed-aspect-16-9 wp-has-aspect-ratio\">\r\n<div class=\"wp-block-embed__wrapper\"><iframe loading=\"lazy\" src=\"\/\/www.youtube.com\/embed\/BEtb1yR4AKw?ab_channel=G\" width=\"560\" height=\"314\" allowfullscreen=\"allowfullscreen\"><\/iframe><\/div>\r\n<figcaption>2020.11.22.<\/figcaption>\r\n<\/figure>\r\n\r\n\r\n\r\n<figure class=\"wp-block-embed is-type-video is-provider-youtube wp-block-embed-youtube wp-embed-aspect-16-9 wp-has-aspect-ratio\">\r\n<div class=\"wp-block-embed__wrapper\"><br \/><iframe loading=\"lazy\" src=\"\/\/www.youtube.com\/embed\/XVxjtEW1YLg?ab_channel=G\" width=\"560\" height=\"314\" allowfullscreen=\"allowfullscreen\"><\/iframe><\/div>\r\n<figcaption>2020.11.15.<\/figcaption>\r\n<\/figure>\r\n\r\n\r\n\r\n<figure class=\"wp-block-audio\"><audio src=\"https:\/\/rackeve.reformatus.hu\/files\/igehirdetes_hanganyag\/2020.11.08._2Kor_13_13_Kalman_Bela.mp3\" controls=\"controls\"><\/audio>\r\n<figcaption>2020.11.08.<\/figcaption>\r\n<\/figure>\r\n\r\n\r\n\r\n<figure class=\"wp-block-audio\"><audio src=\"https:\/\/rackeve.reformatus.hu\/files\/igehirdetes_hanganyag\/2020.11.01._Jn_5_24_Kalman_Bela.mp3\" controls=\"controls\"><\/audio>\r\n<figcaption>2020.11.01.<\/figcaption>\r\n<\/figure>\r\n\r\n\r\n\r\n<figure class=\"wp-block-audio\"><audio src=\"https:\/\/rackeve.reformatus.hu\/files\/igehirdetes_hanganyag\/2020.10.25._Lk_4_14_21_Kalman_Bela.mp3\" controls=\"controls\"><\/audio>\r\n<figcaption>2020.10.25.<\/figcaption>\r\n<\/figure>\r\n\r\n\r\n\r\n<figure class=\"wp-block-audio\"><audio src=\"https:\/\/rackeve.reformatus.hu\/files\/igehirdetes_hanganyag\/2020.10.18._2Kor_2_1_11_Kalman_Bela.mp3\" controls=\"controls\"><\/audio>\r\n<figcaption>2020.10.18.<\/figcaption>\r\n<\/figure>\r\n\r\n\r\n\r\n<figure class=\"wp-block-audio\"><audio src=\"https:\/\/rackeve.reformatus.hu\/files\/igehirdetes_hanganyag\/2020.10.11._1Kor_15_30_34_Kalman_Bela.mp3\" controls=\"controls\"><\/audio>\r\n<figcaption>2020.10.11.<\/figcaption>\r\n<\/figure>\r\n\r\n\r\n\r\n<figure class=\"wp-block-audio\"><audio src=\"https:\/\/rackeve.reformatus.hu\/files\/igehirdetes_hanganyag\/2020.10.04._Gal_5_25_Barany_Zoltan.mp3\" controls=\"controls\"><\/audio>\r\n<figcaption>2020.10.04.<\/figcaption>\r\n<\/figure>\r\n\r\n\r\n\r\n<figure class=\"wp-block-audio\"><audio src=\"https:\/\/rackeve.reformatus.hu\/files\/igehirdetes_hanganyag\/2020.09.27._1Kor_10_27_Kalman_Bela.mp3\" controls=\"controls\"><\/audio>\r\n<figcaption>2020.09.27.<\/figcaption>\r\n<\/figure>\r\n\r\n\r\n\r\n<figure class=\"wp-block-audio\"><audio src=\"https:\/\/rackeve.reformatus.hu\/files\/igehirdetes_hanganyag\/2020.09.20._1Kor_4_16_Kalman_Bela.mp3\" controls=\"controls\"><\/audio>\r\n<figcaption>2020.09.20.<\/figcaption>\r\n<\/figure>\r\n\r\n\r\n\r\n<figure class=\"wp-block-audio\"><audio src=\"https:\/\/rackeve.reformatus.hu\/files\/igehirdetes_hanganyag\/2020.09.13._1Kor_1_10_Barany_Zoltan.mp3\" controls=\"controls\"><\/audio>\r\n<figcaption>2020.09.13.<\/figcaption>\r\n<\/figure>\r\n\r\n\r\n\r\n<figure class=\"wp-block-audio\"><audio src=\"https:\/\/rackeve.reformatus.hu\/files\/igehirdetes_hanganyag\/2020.09.06._Rom_13_8_Kalman_Bela.mp3\" controls=\"controls\"><\/audio>\r\n<figcaption>2020.09.06.<\/figcaption>\r\n<\/figure>\r\n\r\n\r\n\r\n<figure class=\"wp-block-audio\"><audio src=\"https:\/\/rackeve.reformatus.hu\/files\/igehirdetes_hanganyag\/2020.08.30._Rom_10_21_Kalman_Bela.mp3\" controls=\"controls\"><\/audio>\r\n<figcaption>2020.08.30.<\/figcaption>\r\n<\/figure>\r\n\r\n\r\n\r\n<figure class=\"wp-block-audio\"><audio src=\"https:\/\/rackeve.reformatus.hu\/files\/igehirdetes_hanganyag\/2020.08.23._Rom_7_14_25_Kalman_Bela.mp3\" controls=\"controls\"><\/audio>\r\n<figcaption>2020.08.23.<\/figcaption>\r\n<\/figure>\r\n\r\n\r\n\r\n<figure class=\"wp-block-audio\"><audio src=\"https:\/\/rackeve.reformatus.hu\/files\/igehirdetes_hanganyag\/2020.08.16._Rom_1_Kalman_Bela.mp3\" controls=\"controls\"><\/audio>\r\n<figcaption>2020.08.16.<\/figcaption>\r\n<\/figure>\r\n\r\n\r\n\r\n<figure class=\"wp-block-audio\"><audio src=\"https:\/\/rackeve.reformatus.hu\/files\/igehirdetes_hanganyag\/2020.08.09._Zsolt_62_Kiss_Gergely.mp3\" controls=\"controls\"><\/audio>\r\n<figcaption>2020.08.09.<\/figcaption>\r\n<\/figure>\r\n\r\n\r\n\r\n<figure class=\"wp-block-audio\"><audio src=\"https:\/\/rackeve.reformatus.hu\/files\/igehirdetes_hanganyag\/2020.08.02._Jel_3_19_21_Barany_Zoltan.mp3\" controls=\"controls\"><\/audio>\r\n<figcaption>2020.08.02.<\/figcaption>\r\n<\/figure>\r\n\r\n\r\n\r\n<figure class=\"wp-block-audio\"><audio src=\"https:\/\/rackeve.reformatus.hu\/files\/igehirdetes_hanganyag\/2020.07.26_Mt_15_21_28_Kiss_Gergely.mp3\" controls=\"controls\"><\/audio>\r\n<figcaption>2020.07.26.<\/figcaption>\r\n<\/figure>\r\n\r\n\r\n\r\n<figure class=\"wp-block-audio\"><audio src=\"https:\/\/rackeve.reformatus.hu\/files\/igehirdetes_hanganyag\/2020.07.19_2Moz_21_1_6_Barany_Zoltan.mp3\" controls=\"controls\"><\/audio>\r\n<figcaption>2020.07.19.<\/figcaption>\r\n<\/figure>\r\n\r\n\r\n\r\n<figure class=\"wp-block-audio\"><audio src=\"https:\/\/rackeve.reformatus.hu\/files\/igehirdetes_hanganyag\/2020.07.12._2Moz_14_1_14_Barany_Zoltan.mp3\" controls=\"controls\"><\/audio>\r\n<figcaption>2020.07.12.<\/figcaption>\r\n<\/figure>\r\n\r\n\r\n\r\n<figure class=\"wp-block-audio\"><audio src=\"https:\/\/rackeve.reformatus.hu\/files\/igehirdetes_hanganyag\/2020.07.05._Mt_18_21_35_Kalman_Bela.mp3\" controls=\"controls\"><\/audio>\r\n<figcaption>2020.07.05.<\/figcaption>\r\n<\/figure>\r\n\r\n\r\n\r\n<figure class=\"wp-block-audio\"><audio src=\"https:\/\/rackeve.reformatus.hu\/files\/igehirdetes_hanganyag\/2020.06.28._Mt%2016%2C24-28_%28Barany_Zoltan%29.mp3\" controls=\"controls\"><\/audio>\r\n<figcaption>2020.06.28.<\/figcaption>\r\n<\/figure>\r\n\r\n\r\n\r\n<figure class=\"wp-block-audio\"><audio src=\"https:\/\/rackeve.reformatus.hu\/files\/igehirdetes_hanganyag\/2020.06.22.%20Mt%2015%2C1-20%20%28Kalman%20Bela%29.mp3\" controls=\"controls\"><\/audio>\r\n<figcaption>2020.06.21.<\/figcaption>\r\n<\/figure>\r\n\r\n\r\n\r\n<figure class=\"wp-block-audio\"><audio src=\"https:\/\/rackeve.reformatus.hu\/files\/igehirdetes_hanganyag\/2020.06.14.%20Mt%2013%2C31-35%20%28Kalman%20Bela%29.mp3\" controls=\"controls\"><\/audio>\r\n<figcaption>2020.06.14.<\/figcaption>\r\n<\/figure>\r\n\r\n\r\n\r\n<figure class=\"wp-block-embed is-type-video is-provider-youtube wp-block-embed-youtube wp-embed-aspect-16-9 wp-has-aspect-ratio\">\r\n<div class=\"wp-block-embed__wrapper\"><iframe loading=\"lazy\" src=\"\/\/www.youtube.com\/embed\/lqSwZqikfGE?feature=youtu\" width=\"560\" height=\"314\" allowfullscreen=\"allowfullscreen\"><\/iframe><\/div>\r\n<figcaption>2020.05.31. P\u00fcnk\u00f6sd<\/figcaption>\r\n<\/figure>\r\n\r\n\r\n\r\n<figure class=\"wp-block-embed is-type-video is-provider-youtube wp-block-embed-youtube wp-embed-aspect-16-9 wp-has-aspect-ratio\">\r\n<div class=\"wp-block-embed__wrapper\"><iframe loading=\"lazy\" src=\"\/\/www.youtube.com\/embed\/nUtyPtHkwHc\" width=\"560\" height=\"314\" allowfullscreen=\"allowfullscreen\"><\/iframe><\/div>\r\n<figcaption>2020.05.24.<\/figcaption>\r\n<\/figure>\r\n\r\n\r\n\r\n<figure class=\"wp-block-embed is-type-video is-provider-youtube wp-block-embed-youtube wp-embed-aspect-16-9 wp-has-aspect-ratio\">\r\n<div class=\"wp-block-embed__wrapper\"><iframe loading=\"lazy\" src=\"\/\/www.youtube.com\/embed\/QMQHcOc7gWc\" width=\"560\" height=\"314\" allowfullscreen=\"allowfullscreen\"><\/iframe><\/div>\r\n<figcaption>2020.05.17.<\/figcaption>\r\n<\/figure>\r\n\r\n\r\n\r\n<figure class=\"wp-block-embed is-type-video is-provider-youtube wp-block-embed-youtube wp-embed-aspect-16-9 wp-has-aspect-ratio\">\r\n<div class=\"wp-block-embed__wrapper\"><iframe loading=\"lazy\" src=\"\/\/www.youtube.com\/embed\/fQGpcWcpI38\" width=\"560\" height=\"314\" allowfullscreen=\"allowfullscreen\"><\/iframe><\/div>\r\n<figcaption>2020.05.10.<\/figcaption>\r\n<\/figure>\r\n\r\n\r\n\r\n<figure class=\"wp-block-embed is-type-video is-provider-youtube wp-block-embed-youtube wp-embed-aspect-16-9 wp-has-aspect-ratio\">\r\n<div class=\"wp-block-embed__wrapper\"><iframe loading=\"lazy\" src=\"\/\/www.youtube.com\/embed\/1IeiD30tSwM\" width=\"560\" height=\"314\" allowfullscreen=\"allowfullscreen\"><\/iframe><\/div>\r\n<figcaption>2020.05.03.<\/figcaption>\r\n<\/figure>\r\n\r\n\r\n\r\n<figure class=\"wp-block-embed is-type-video is-provider-youtube wp-block-embed-youtube wp-embed-aspect-16-9 wp-has-aspect-ratio\">\r\n<div class=\"wp-block-embed__wrapper\"><iframe loading=\"lazy\" src=\"\/\/www.youtube.com\/embed\/vk-PfUO_D7I?fbclid=IwAR13GyQ4vnuPP0tNNv9aIsFQGRv_q_AzpJv2ffd2xQ32-bvdbTwsxbngMa0\" width=\"560\" height=\"314\" allowfullscreen=\"allowfullscreen\"><\/iframe><\/div>\r\n<figcaption>2020.04.26.<\/figcaption>\r\n<\/figure>\r\n\r\n\r\n\r\n<figure class=\"wp-block-embed is-type-video is-provider-youtube wp-block-embed-youtube wp-embed-aspect-16-9 wp-has-aspect-ratio\">\r\n<div class=\"wp-block-embed__wrapper\"><iframe loading=\"lazy\" src=\"\/\/www.youtube.com\/embed\/A4NqvEKQlA0\" width=\"560\" height=\"314\" allowfullscreen=\"allowfullscreen\"><\/iframe><\/div>\r\n<figcaption>2020.04.19.<\/figcaption>\r\n<\/figure>\r\n\r\n\r\n\r\n<figure class=\"wp-block-embed is-type-video is-provider-youtube wp-block-embed-youtube wp-embed-aspect-16-9 wp-has-aspect-ratio\">\r\n<div class=\"wp-block-embed__wrapper\"><iframe loading=\"lazy\" src=\"\/\/www.youtube.com\/embed\/71SWKRg9Tcs\" width=\"560\" height=\"314\" allowfullscreen=\"allowfullscreen\"><\/iframe><\/div>\r\n<figcaption>2020.04.13. H\u00fasv\u00e9th\u00e9tf\u0151<\/figcaption>\r\n<\/figure>\r\n\r\n\r\n\r\n<figure class=\"wp-block-embed is-type-video is-provider-youtube wp-block-embed-youtube wp-embed-aspect-16-9 wp-has-aspect-ratio\">\r\n<div class=\"wp-block-embed__wrapper\"><iframe loading=\"lazy\" src=\"\/\/www.youtube.com\/embed\/K0EqbzTh92I\" width=\"560\" height=\"314\" allowfullscreen=\"allowfullscreen\"><\/iframe><\/div>\r\n<figcaption>2020.04.12. H\u00fasv\u00e9tvas\u00e1rnap<\/figcaption>\r\n<\/figure>\r\n\r\n\r\n\r\n<figure class=\"wp-block-embed is-type-video is-provider-youtube wp-block-embed-youtube wp-embed-aspect-16-9 wp-has-aspect-ratio\">\r\n<div class=\"wp-block-embed__wrapper\"><iframe loading=\"lazy\" src=\"\/\/www.youtube.com\/embed\/4Z162G2wujg\" width=\"560\" height=\"314\" allowfullscreen=\"allowfullscreen\"><\/iframe><\/div>\r\n<figcaption>2020.04.10. Nagyp\u00e9ntek<\/figcaption>\r\n<\/figure>\r\n\r\n\r\n\r\n<figure class=\"wp-block-embed is-type-video is-provider-youtube wp-block-embed-youtube wp-embed-aspect-16-9 wp-has-aspect-ratio\">\r\n<div class=\"wp-block-embed__wrapper\"><iframe loading=\"lazy\" src=\"\/\/www.youtube.com\/embed\/XVxjtEW1YLg?ab_channel=G\" width=\"560\" height=\"314\" allowfullscreen=\"allowfullscreen\"><\/iframe><\/div>\r\n<figcaption>2020.04.05.<\/figcaption>\r\n<\/figure>\r\n\r\n\r\n\r\n<figure class=\"wp-block-embed is-type-video is-provider-youtube wp-block-embed-youtube wp-embed-aspect-16-9 wp-has-aspect-ratio\">\r\n<div class=\"wp-block-embed__wrapper\"><iframe loading=\"lazy\" src=\"\/\/www.youtube.com\/embed\/VOG516-Aikc\" width=\"560\" height=\"314\" allowfullscreen=\"allowfullscreen\"><\/iframe><\/div>\r\n<figcaption>2020.03.29.<\/figcaption>\r\n<\/figure>\r\n","protected":false},"excerpt":{"rendered":"<p>Kedves Testv\u00e9rek! Al\u00e1bb a r\u00e1ckevei igehirdet\u00e9seket tekinthetik meg vide\u00f3 \u00e9s hanganyag form\u00e1tumban. K\u00f6sz\u00f6net a felv\u00e9tel\u00e9rt Kiss D\u00e1vidnak \u00e9s Cserna G\u00e1bor presbiternek. 2022.05.22. 2022.05.08. 2022.05.01. 2022.04.15. 2022.04.10. 2022.04.03. 2022.03.27. 2022.03.20. 2022.03.13. 2022.02.27. 2022.02.20. 2022.02.13. 2022.02.06. 2022.01.30. 2022.01.23. 2022.01.16. 2022.01.09. 2022.01.02. 2021.12.25. 2021.12.19. 2021.12.12. 2021.12.05. 2021.11.26. 2021.11.25. 2021.11.24. 2021.11.23. 2021.11.21. 2021.11.14. 2021.11.07. Megeml\u00e9kez\u00e9s a reform\u00e1ci\u00f3 eml\u00e9knapj\u00e1n. &#8211; &hellip; <\/p>\n<p class=\"link-more\"><a href=\"https:\/\/rackeve.reformatus.hu\/?page_id=52\" class=\"more-link\"><span class=\"screen-reader-text\">&#8222;Igehirdet\u00e9sek&#8221;<\/span> b\u0151vebben<\/a><\/p>\n","protected":false},"author":1,"featured_media":0,"parent":0,"menu_order":0,"comment_status":"open","ping_status":"closed","template":"","meta":{"footnotes":""},"class_list":["post-52","page","type-page","status-publish","hentry"],"_links":{"self":[{"href":"https:\/\/rackeve.reformatus.hu\/index.php?rest_route=\/wp\/v2\/pages\/52","targetHints":{"allow":["GET"]}}],"collection":[{"href":"https:\/\/rackeve.reformatus.hu\/index.php?rest_route=\/wp\/v2\/pages"}],"about":[{"href":"https:\/\/rackeve.reformatus.hu\/index.php?rest_route=\/wp\/v2\/types\/page"}],"author":[{"embeddable":true,"href":"https:\/\/rackeve.reformatus.hu\/index.php?rest_route=\/wp\/v2\/users\/1"}],"replies":[{"embeddable":true,"href":"https:\/\/rackeve.reformatus.hu\/index.php?rest_route=%2Fwp%2Fv2%2Fcomments&post=52"}],"version-history":[{"count":106,"href":"https:\/\/rackeve.reformatus.hu\/index.php?rest_route=\/wp\/v2\/pages\/52\/revisions"}],"predecessor-version":[{"id":520,"href":"https:\/\/rackeve.reformatus.hu\/index.php?rest_route=\/wp\/v2\/pages\/52\/revisions\/520"}],"wp:attachment":[{"href":"https:\/\/rackeve.reformatus.hu\/index.php?rest_route=%2Fwp%2Fv2%2Fmedia&parent=52"}],"curies":[{"name":"wp","href":"https:\/\/api.w.org\/{rel}","templated":true}]}}