{"id":2,"date":"2016-05-10T03:48:21","date_gmt":"2016-05-10T03:48:21","guid":{"rendered":"https:\/\/rackeve.reformatus.hu\/?page_id=2"},"modified":"2024-11-03T09:04:57","modified_gmt":"2024-11-03T07:04:57","slug":"sample-page","status":"publish","type":"page","link":"https:\/\/rackeve.reformatus.hu\/","title":{"rendered":"Kezd\u0151lap"},"content":{"rendered":"<p><em>&#8222;Uram, te volt\u00e1l hajl\u00e9kunk nemzed\u00e9kr\u0151l nemzed\u00e9kre.&#8221;\u00a0<\/em>(Zsolt\u00e1rok 90,1)<\/p>\n<p>&nbsp;<\/p>\n<p>Szeretettel k\u00f6sz\u00f6nt\u00fcnk mindenkit a R\u00e1ckevei Reform\u00e1tus Egyh\u00e1zk\u00f6zs\u00e9g honlapj\u00e1n. A jelenlegi honlap fejleszt\u00e9s alatt \u00e1ll, de a mostani helyzetben is igyeksz\u00fcnk min\u00e9l t\u00f6bb tartalmat, lelki \u00fczenetet felt\u00f6lteni.<\/p>\n<p>Isten \u00e1ld\u00e1s\u00e1t \u00e9s b\u00e9kess\u00e9g\u00e9t k\u00edv\u00e1njuk \u00d6nre, \u00e9s kedves csal\u00e1dj\u00e1ra!<\/p>\n","protected":false},"excerpt":{"rendered":"<p>&#8222;Uram, te volt\u00e1l hajl\u00e9kunk nemzed\u00e9kr\u0151l nemzed\u00e9kre.&#8221;\u00a0(Zsolt\u00e1rok 90,1) &nbsp; Szeretettel k\u00f6sz\u00f6nt\u00fcnk mindenkit a R\u00e1ckevei Reform\u00e1tus Egyh\u00e1zk\u00f6zs\u00e9g honlapj\u00e1n. A jelenlegi honlap fejleszt\u00e9s alatt \u00e1ll, de a mostani helyzetben is igyeksz\u00fcnk min\u00e9l t\u00f6bb tartalmat, lelki \u00fczenetet felt\u00f6lteni. Isten \u00e1ld\u00e1s\u00e1t \u00e9s b\u00e9kess\u00e9g\u00e9t k\u00edv\u00e1njuk \u00d6nre, \u00e9s kedves csal\u00e1dj\u00e1ra!<\/p>\n","protected":false},"author":1,"featured_media":0,"parent":0,"menu_order":0,"comment_status":"closed","ping_status":"closed","template":"","meta":{"footnotes":""},"class_list":["post-2","page","type-page","status-publish","hentry"],"_links":{"self":[{"href":"https:\/\/rackeve.reformatus.hu\/index.php?rest_route=\/wp\/v2\/pages\/2","targetHints":{"allow":["GET"]}}],"collection":[{"href":"https:\/\/rackeve.reformatus.hu\/index.php?rest_route=\/wp\/v2\/pages"}],"about":[{"href":"https:\/\/rackeve.reformatus.hu\/index.php?rest_route=\/wp\/v2\/types\/page"}],"author":[{"embeddable":true,"href":"https:\/\/rackeve.reformatus.hu\/index.php?rest_route=\/wp\/v2\/users\/1"}],"replies":[{"embeddable":true,"href":"https:\/\/rackeve.reformatus.hu\/index.php?rest_route=%2Fwp%2Fv2%2Fcomments&post=2"}],"version-history":[{"count":26,"href":"https:\/\/rackeve.reformatus.hu\/index.php?rest_route=\/wp\/v2\/pages\/2\/revisions"}],"predecessor-version":[{"id":602,"href":"https:\/\/rackeve.reformatus.hu\/index.php?rest_route=\/wp\/v2\/pages\/2\/revisions\/602"}],"wp:attachment":[{"href":"https:\/\/rackeve.reformatus.hu\/index.php?rest_route=%2Fwp%2Fv2%2Fmedia&parent=2"}],"curies":[{"name":"wp","href":"https:\/\/api.w.org\/{rel}","templated":true}]}}